{"id":132,"date":"2020-09-29T05:09:02","date_gmt":"2020-09-29T05:09:02","guid":{"rendered":"https:\/\/intrevo.creare-siteweb.ro\/features\/"},"modified":"2023-07-24T13:53:49","modified_gmt":"2023-07-24T13:53:49","slug":"servicii-de-consultanta","status":"publish","type":"page","link":"https:\/\/intrevo.ro\/en\/servicii-de-consultanta\/","title":{"rendered":"Services"},"content":{"rendered":"<div data-elementor-type=\"wp-page\" data-elementor-id=\"132\" class=\"elementor elementor-132\" data-elementor-post-type=\"page\">\n\t\t\t\t\t\t\t\t\t<section class=\"elementor-section elementor-top-section elementor-element elementor-element-612a7b3 elementor-section-height-min-height elementor-section-boxed elementor-section-height-default elementor-section-items-middle\" data-id=\"612a7b3\" data-element_type=\"section\" data-settings=\"{&quot;background_background&quot;:&quot;classic&quot;}\">\n\t\t\t\t\t\t<div class=\"elementor-container elementor-column-gap-default\">\n\t\t\t\t\t<div class=\"elementor-column elementor-col-100 elementor-top-column elementor-element elementor-element-533b569\" data-id=\"533b569\" data-element_type=\"column\">\n\t\t\t<div class=\"elementor-widget-wrap\">\n\t\t\t\t\t\t\t\t\t<\/div>\n\t\t<\/div>\n\t\t\t\t\t\t\t<\/div>\n\t\t<\/section>\n\t\t\t\t<section class=\"elementor-section elementor-top-section elementor-element elementor-element-7e5bbd6 elementor-section-boxed elementor-section-height-default elementor-section-height-default\" data-id=\"7e5bbd6\" data-element_type=\"section\">\n\t\t\t\t\t\t<div class=\"elementor-container elementor-column-gap-default\">\n\t\t\t\t\t<div class=\"elementor-column elementor-col-50 elementor-top-column elementor-element elementor-element-435ddef\" data-id=\"435ddef\" data-element_type=\"column\">\n\t\t\t<div class=\"elementor-widget-wrap elementor-element-populated\">\n\t\t\t\t\t\t\t\t<div class=\"elementor-element elementor-element-be6db97 elementor-widget elementor-widget-heading\" data-id=\"be6db97\" data-element_type=\"widget\" data-widget_type=\"heading.default\">\n\t\t\t\t<div class=\"elementor-widget-container\">\n\t\t\t<h2 class=\"elementor-heading-title elementor-size-default\">Services<\/h2>\t\t<\/div>\n\t\t\t\t<\/div>\n\t\t\t\t<div class=\"elementor-element elementor-element-d674197 elementor-widget elementor-widget-text-editor\" data-id=\"d674197\" data-element_type=\"widget\" data-widget_type=\"text-editor.default\">\n\t\t\t\t<div class=\"elementor-widget-container\">\n\t\t\t\t\t\t\t<p><b>Strategic coordination of investment projects<\/b><\/p><p><span style=\"font-weight: 400;\">We manage and deliver complex projects in the role of system integrator. We bring together project components into a complete system, defining its interfaces and governance, managing its interdependencies and coordinating both the Client's internal resources and the network of external contractors.<\/span><\/p>\t\t\t\t\t\t<\/div>\n\t\t\t\t<\/div>\n\t\t\t\t\t<\/div>\n\t\t<\/div>\n\t\t\t\t<div class=\"elementor-column elementor-col-50 elementor-top-column elementor-element elementor-element-ea3d3bf\" data-id=\"ea3d3bf\" data-element_type=\"column\">\n\t\t\t<div class=\"elementor-widget-wrap elementor-element-populated\">\n\t\t\t\t\t\t\t\t<div class=\"elementor-element elementor-element-48aa4d9 elementor-widget elementor-widget-image\" data-id=\"48aa4d9\" data-element_type=\"widget\" data-widget_type=\"image.default\">\n\t\t\t\t<div class=\"elementor-widget-container\">\n\t\t\t\t\t\t\t\t\t\t\t\t\t\t\t<img loading=\"lazy\" decoding=\"async\" width=\"1024\" height=\"576\" src=\"https:\/\/intrevo.ro\/wp-content\/uploads\/2022\/03\/shutterstock_1920148814-1024x576.jpg\" class=\"attachment-large size-large wp-image-569\" alt=\"asistenta internationala\" srcset=\"https:\/\/intrevo.ro\/wp-content\/uploads\/2022\/03\/shutterstock_1920148814-1024x576.jpg 1024w, https:\/\/intrevo.ro\/wp-content\/uploads\/2022\/03\/shutterstock_1920148814-300x169.jpg 300w, https:\/\/intrevo.ro\/wp-content\/uploads\/2022\/03\/shutterstock_1920148814-768x432.jpg 768w, https:\/\/intrevo.ro\/wp-content\/uploads\/2022\/03\/shutterstock_1920148814-1536x864.jpg 1536w, https:\/\/intrevo.ro\/wp-content\/uploads\/2022\/03\/shutterstock_1920148814-2048x1152.jpg 2048w\" sizes=\"auto, (max-width: 1024px) 100vw, 1024px\" \/>\t\t\t\t\t\t\t\t\t\t\t\t\t\t\t<\/div>\n\t\t\t\t<\/div>\n\t\t\t\t\t<\/div>\n\t\t<\/div>\n\t\t\t\t\t\t\t<\/div>\n\t\t<\/section>\n\t\t\t\t<section class=\"elementor-section elementor-top-section elementor-element elementor-element-65294d4 elementor-reverse-mobile elementor-section-boxed elementor-section-height-default elementor-section-height-default\" data-id=\"65294d4\" data-element_type=\"section\">\n\t\t\t\t\t\t<div class=\"elementor-container elementor-column-gap-default\">\n\t\t\t\t\t<div class=\"elementor-column elementor-col-50 elementor-top-column elementor-element elementor-element-4627e60\" data-id=\"4627e60\" data-element_type=\"column\">\n\t\t\t<div class=\"elementor-widget-wrap elementor-element-populated\">\n\t\t\t\t\t\t\t\t<div class=\"elementor-element elementor-element-ddd0d68 elementor-widget elementor-widget-image\" data-id=\"ddd0d68\" data-element_type=\"widget\" data-widget_type=\"image.default\">\n\t\t\t\t<div class=\"elementor-widget-container\">\n\t\t\t\t\t\t\t\t\t\t\t\t\t\t\t<img loading=\"lazy\" decoding=\"async\" width=\"1024\" height=\"683\" src=\"https:\/\/intrevo.ro\/wp-content\/uploads\/2022\/03\/shutterstock_1599664510-1024x683.jpg\" class=\"attachment-large size-large wp-image-573\" alt=\"asistenta internationala\" srcset=\"https:\/\/intrevo.ro\/wp-content\/uploads\/2022\/03\/shutterstock_1599664510-1024x683.jpg 1024w, https:\/\/intrevo.ro\/wp-content\/uploads\/2022\/03\/shutterstock_1599664510-300x200.jpg 300w, https:\/\/intrevo.ro\/wp-content\/uploads\/2022\/03\/shutterstock_1599664510-768x512.jpg 768w, https:\/\/intrevo.ro\/wp-content\/uploads\/2022\/03\/shutterstock_1599664510-1536x1024.jpg 1536w, https:\/\/intrevo.ro\/wp-content\/uploads\/2022\/03\/shutterstock_1599664510-2048x1366.jpg 2048w\" sizes=\"auto, (max-width: 1024px) 100vw, 1024px\" \/>\t\t\t\t\t\t\t\t\t\t\t\t\t\t\t<\/div>\n\t\t\t\t<\/div>\n\t\t\t\t\t<\/div>\n\t\t<\/div>\n\t\t\t\t<div class=\"elementor-column elementor-col-50 elementor-top-column elementor-element elementor-element-ad57923\" data-id=\"ad57923\" data-element_type=\"column\">\n\t\t\t<div class=\"elementor-widget-wrap elementor-element-populated\">\n\t\t\t\t\t\t\t\t<div class=\"elementor-element elementor-element-c92c63d elementor-widget elementor-widget-text-editor\" data-id=\"c92c63d\" data-element_type=\"widget\" data-widget_type=\"text-editor.default\">\n\t\t\t\t<div class=\"elementor-widget-container\">\n\t\t\t\t\t\t\t<p><b>Consulting on projects in the field of International Development Assistance<\/b><\/p><p><a href=\"https:\/\/intrevo.ro\/en\/asistenta-internationala-in-dezvoltare\/\" target=\"_blank\" rel=\"noopener\"><b>What is International Development Assistance?<\/b><\/a><\/p><p><span style=\"font-weight: 400;\">We facilitate companies' access to international tenders and projects in various geographical regions and support them in their implementation.\u00a0<\/span><\/p><p><span style=\"font-weight: 400;\">We help our clients understand both the strategies and modus operandi of <\/span><a href=\"https:\/\/intrevo.ro\/en\/descriere-finantatori-internationali\/\" target=\"_blank\" rel=\"noopener\"><span style=\"font-weight: 400;\">international financing entities<\/span><\/a><span style=\"font-weight: 400;\">, and the particularities of the project implementation area.\u00a0<\/span><\/p><p><span style=\"font-weight: 400;\">We naturally generate adaptation and development of clients' internal mechanisms and processes to operate under conditions of uncertainty, complexity and volatility \u2013 common challenges encountered in the projects and geographies we work in.\u00a0<\/span><\/p><p><span style=\"font-weight: 400;\">Our main area of expertise is Africa, with a concentration of skills and experience at the moment on West Africa.<\/span><\/p>\t\t\t\t\t\t<\/div>\n\t\t\t\t<\/div>\n\t\t\t\t\t<\/div>\n\t\t<\/div>\n\t\t\t\t\t\t\t<\/div>\n\t\t<\/section>\n\t\t\t\t<section class=\"elementor-section elementor-top-section elementor-element elementor-element-e339018 elementor-section-height-min-height elementor-section-boxed elementor-section-height-default elementor-section-items-middle\" data-id=\"e339018\" data-element_type=\"section\" data-settings=\"{&quot;background_background&quot;:&quot;classic&quot;}\">\n\t\t\t\t\t\t\t<div class=\"elementor-background-overlay\"><\/div>\n\t\t\t\t\t\t\t<div class=\"elementor-container elementor-column-gap-default\">\n\t\t\t\t\t<div class=\"elementor-column elementor-col-100 elementor-top-column elementor-element elementor-element-c1bec52\" data-id=\"c1bec52\" data-element_type=\"column\">\n\t\t\t<div class=\"elementor-widget-wrap elementor-element-populated\">\n\t\t\t\t\t\t\t\t<div class=\"elementor-element elementor-element-850279a elementor-widget elementor-widget-heading\" data-id=\"850279a\" data-element_type=\"widget\" data-widget_type=\"heading.default\">\n\t\t\t\t<div class=\"elementor-widget-container\">\n\t\t\t<h2 class=\"elementor-heading-title elementor-size-default\">WHY AFRICA?<\/h2>\t\t<\/div>\n\t\t\t\t<\/div>\n\t\t\t\t<div class=\"elementor-element elementor-element-63fddfb elementor-align-center elementor-widget elementor-widget-button\" data-id=\"63fddfb\" data-element_type=\"widget\" data-widget_type=\"button.default\">\n\t\t\t\t<div class=\"elementor-widget-container\">\n\t\t\t\t\t<div class=\"elementor-button-wrapper\">\n\t\t\t<a class=\"elementor-button elementor-button-link elementor-size-sm\" href=\"https:\/\/intrevo.ro\/en\/de-ce-africa\/\" target=\"_blank\">\n\t\t\t\t\t\t<span class=\"elementor-button-content-wrapper\">\n\t\t\t\t\t\t<span class=\"elementor-button-text\">Learn more<\/span>\n\t\t<\/span>\n\t\t\t\t\t<\/a>\n\t\t<\/div>\n\t\t\t\t<\/div>\n\t\t\t\t<\/div>\n\t\t\t\t\t<\/div>\n\t\t<\/div>\n\t\t\t\t\t\t\t<\/div>\n\t\t<\/section>\n\t\t\t\t\t\t\t<\/div>","protected":false},"excerpt":{"rendered":"<p>Servicii de consultan\u021b\u0103 Coordonarea strategic\u0103 a proiectelor de investi\u021bii Gestion\u0103m \u0219i livr\u0103m proiecte complexe, \u00een rolul integratorului de sistem. Reunim componentele proiectului \u00eentr-un sistem complet, definindu-i interfe\u021bele \u0219i guvernan\u021ba, gestion\u00e2ndu-i interdependen\u021bele \u0219i coordon\u00e2nd at\u00e2t resursele interne ale Beneficiarului, c\u00e2t \u0219i re\u021beaua de contractori externi. Consultan\u021ba pe proiecte din domeniul Asisten\u021bei interna\u021bionale \u00een dezvoltare. Ce este &hellip;<\/p>\n<p class=\"read-more\"> <a class=\"\" href=\"https:\/\/intrevo.ro\/en\/servicii-de-consultanta\/\"> <span class=\"screen-reader-text\">Services<\/span> Read More &raquo;<\/a><\/p>","protected":false},"author":1,"featured_media":0,"parent":0,"menu_order":0,"comment_status":"closed","ping_status":"closed","template":"","meta":{"site-sidebar-layout":"no-sidebar","site-content-layout":"page-builder","ast-global-header-display":"","ast-banner-title-visibility":"","ast-main-header-display":"","ast-hfb-above-header-display":"","ast-hfb-below-header-display":"","ast-hfb-mobile-header-display":"","site-post-title":"disabled","ast-breadcrumbs-content":"","ast-featured-img":"disabled","footer-sml-layout":"","theme-transparent-header-meta":"enabled","adv-header-id-meta":"","stick-header-meta":"","header-above-stick-meta":"","header-main-stick-meta":"","header-below-stick-meta":"","footnotes":""},"class_list":["post-132","page","type-page","status-publish","hentry"],"yoast_head":"<!-- This site is optimized with the Yoast SEO plugin v20.12 - https:\/\/yoast.com\/wordpress\/plugins\/seo\/ -->\n<title>Servicii de consultanta in domeniul asistentei internationale<\/title>\n<meta name=\"description\" content=\"Intrevo ofera consultanta companiilor pentru a licita si implementa proiecte internationale in diferite domenii si diferite zone geografice!\" \/>\n<meta name=\"robots\" content=\"index, follow, max-snippet:-1, max-image-preview:large, max-video-preview:-1\" \/>\n<link rel=\"canonical\" href=\"https:\/\/intrevo.ro\/en\/servicii-de-consultanta\/\" \/>\n<meta property=\"og:locale\" content=\"en_US\" \/>\n<meta property=\"og:type\" content=\"article\" \/>\n<meta property=\"og:title\" content=\"Servicii de consultanta in domeniul asistentei internationale\" \/>\n<meta property=\"og:description\" content=\"Intrevo ofera consultanta companiilor pentru a licita si implementa proiecte internationale in diferite domenii si diferite zone geografice!\" \/>\n<meta property=\"og:url\" content=\"https:\/\/intrevo.ro\/en\/servicii-de-consultanta\/\" \/>\n<meta property=\"og:site_name\" content=\"Intrevo\" \/>\n<meta property=\"article:modified_time\" content=\"2023-07-24T13:53:49+00:00\" \/>\n<meta property=\"og:image\" content=\"https:\/\/intrevo.ro\/wp-content\/uploads\/2022\/03\/shutterstock_1920148814-1024x576.jpg\" \/>\n<meta name=\"twitter:card\" content=\"summary_large_image\" \/>\n<meta name=\"twitter:label1\" content=\"Est. reading time\" \/>\n\t<meta name=\"twitter:data1\" content=\"2 minutes\" \/>\n<script type=\"application\/ld+json\" class=\"yoast-schema-graph\">{\"@context\":\"https:\/\/schema.org\",\"@graph\":[{\"@type\":\"WebPage\",\"@id\":\"https:\/\/intrevo.ro\/servicii-de-consultanta\/\",\"url\":\"https:\/\/intrevo.ro\/servicii-de-consultanta\/\",\"name\":\"Servicii de consultanta in domeniul asistentei internationale\",\"isPartOf\":{\"@id\":\"https:\/\/intrevo.ro\/#website\"},\"datePublished\":\"2020-09-29T05:09:02+00:00\",\"dateModified\":\"2023-07-24T13:53:49+00:00\",\"description\":\"Intrevo ofera consultanta companiilor pentru a licita si implementa proiecte internationale in diferite domenii si diferite zone geografice!\",\"breadcrumb\":{\"@id\":\"https:\/\/intrevo.ro\/servicii-de-consultanta\/#breadcrumb\"},\"inLanguage\":\"en-US\",\"potentialAction\":[{\"@type\":\"ReadAction\",\"target\":[\"https:\/\/intrevo.ro\/servicii-de-consultanta\/\"]}]},{\"@type\":\"BreadcrumbList\",\"@id\":\"https:\/\/intrevo.ro\/servicii-de-consultanta\/#breadcrumb\",\"itemListElement\":[{\"@type\":\"ListItem\",\"position\":1,\"name\":\"Home\",\"item\":\"https:\/\/intrevo.ro\/\"},{\"@type\":\"ListItem\",\"position\":2,\"name\":\"Servicii de consultan\u021b\u0103\"}]},{\"@type\":\"WebSite\",\"@id\":\"https:\/\/intrevo.ro\/#website\",\"url\":\"https:\/\/intrevo.ro\/\",\"name\":\"Intrevo\",\"description\":\"Keep it simple and deliver!\",\"publisher\":{\"@id\":\"https:\/\/intrevo.ro\/#organization\"},\"potentialAction\":[{\"@type\":\"SearchAction\",\"target\":{\"@type\":\"EntryPoint\",\"urlTemplate\":\"https:\/\/intrevo.ro\/?s={search_term_string}\"},\"query-input\":\"required name=search_term_string\"}],\"inLanguage\":\"en-US\"},{\"@type\":\"Organization\",\"@id\":\"https:\/\/intrevo.ro\/#organization\",\"name\":\"Intrevo\",\"url\":\"https:\/\/intrevo.ro\/\",\"logo\":{\"@type\":\"ImageObject\",\"inLanguage\":\"en-US\",\"@id\":\"https:\/\/intrevo.ro\/#\/schema\/logo\/image\/\",\"url\":\"https:\/\/intrevo.ro\/wp-content\/uploads\/2022\/02\/intrevo-final-fundal-trasnparent.png\",\"contentUrl\":\"https:\/\/intrevo.ro\/wp-content\/uploads\/2022\/02\/intrevo-final-fundal-trasnparent.png\",\"width\":6123,\"height\":1303,\"caption\":\"Intrevo\"},\"image\":{\"@id\":\"https:\/\/intrevo.ro\/#\/schema\/logo\/image\/\"}}]}<\/script>\n<!-- \/ Yoast SEO plugin. -->","yoast_head_json":{"title":"Servicii de consultanta in domeniul asistentei internationale","description":"Intrevo ofera consultanta companiilor pentru a licita si implementa proiecte internationale in diferite domenii si diferite zone geografice!","robots":{"index":"index","follow":"follow","max-snippet":"max-snippet:-1","max-image-preview":"max-image-preview:large","max-video-preview":"max-video-preview:-1"},"canonical":"https:\/\/intrevo.ro\/en\/servicii-de-consultanta\/","og_locale":"en_US","og_type":"article","og_title":"Servicii de consultanta in domeniul asistentei internationale","og_description":"Intrevo ofera consultanta companiilor pentru a licita si implementa proiecte internationale in diferite domenii si diferite zone geografice!","og_url":"https:\/\/intrevo.ro\/en\/servicii-de-consultanta\/","og_site_name":"Intrevo","article_modified_time":"2023-07-24T13:53:49+00:00","og_image":[{"url":"https:\/\/intrevo.ro\/wp-content\/uploads\/2022\/03\/shutterstock_1920148814-1024x576.jpg"}],"twitter_card":"summary_large_image","twitter_misc":{"Est. reading time":"2 minutes"},"schema":{"@context":"https:\/\/schema.org","@graph":[{"@type":"WebPage","@id":"https:\/\/intrevo.ro\/servicii-de-consultanta\/","url":"https:\/\/intrevo.ro\/servicii-de-consultanta\/","name":"Servicii de consultanta in domeniul asistentei internationale","isPartOf":{"@id":"https:\/\/intrevo.ro\/#website"},"datePublished":"2020-09-29T05:09:02+00:00","dateModified":"2023-07-24T13:53:49+00:00","description":"Intrevo ofera consultanta companiilor pentru a licita si implementa proiecte internationale in diferite domenii si diferite zone geografice!","breadcrumb":{"@id":"https:\/\/intrevo.ro\/servicii-de-consultanta\/#breadcrumb"},"inLanguage":"en-US","potentialAction":[{"@type":"ReadAction","target":["https:\/\/intrevo.ro\/servicii-de-consultanta\/"]}]},{"@type":"BreadcrumbList","@id":"https:\/\/intrevo.ro\/servicii-de-consultanta\/#breadcrumb","itemListElement":[{"@type":"ListItem","position":1,"name":"Home","item":"https:\/\/intrevo.ro\/"},{"@type":"ListItem","position":2,"name":"Servicii de consultan\u021b\u0103"}]},{"@type":"WebSite","@id":"https:\/\/intrevo.ro\/#website","url":"https:\/\/intrevo.ro\/","name":"Intrevo","description":"Keep it simple and deliver!","publisher":{"@id":"https:\/\/intrevo.ro\/#organization"},"potentialAction":[{"@type":"SearchAction","target":{"@type":"EntryPoint","urlTemplate":"https:\/\/intrevo.ro\/?s={search_term_string}"},"query-input":"required name=search_term_string"}],"inLanguage":"en-US"},{"@type":"Organization","@id":"https:\/\/intrevo.ro\/#organization","name":"Intrevo","url":"https:\/\/intrevo.ro\/","logo":{"@type":"ImageObject","inLanguage":"en-US","@id":"https:\/\/intrevo.ro\/#\/schema\/logo\/image\/","url":"https:\/\/intrevo.ro\/wp-content\/uploads\/2022\/02\/intrevo-final-fundal-trasnparent.png","contentUrl":"https:\/\/intrevo.ro\/wp-content\/uploads\/2022\/02\/intrevo-final-fundal-trasnparent.png","width":6123,"height":1303,"caption":"Intrevo"},"image":{"@id":"https:\/\/intrevo.ro\/#\/schema\/logo\/image\/"}}]}},"_links":{"self":[{"href":"https:\/\/intrevo.ro\/en\/wp-json\/wp\/v2\/pages\/132","targetHints":{"allow":["GET"]}}],"collection":[{"href":"https:\/\/intrevo.ro\/en\/wp-json\/wp\/v2\/pages"}],"about":[{"href":"https:\/\/intrevo.ro\/en\/wp-json\/wp\/v2\/types\/page"}],"author":[{"embeddable":true,"href":"https:\/\/intrevo.ro\/en\/wp-json\/wp\/v2\/users\/1"}],"replies":[{"embeddable":true,"href":"https:\/\/intrevo.ro\/en\/wp-json\/wp\/v2\/comments?post=132"}],"version-history":[{"count":48,"href":"https:\/\/intrevo.ro\/en\/wp-json\/wp\/v2\/pages\/132\/revisions"}],"predecessor-version":[{"id":894,"href":"https:\/\/intrevo.ro\/en\/wp-json\/wp\/v2\/pages\/132\/revisions\/894"}],"wp:attachment":[{"href":"https:\/\/intrevo.ro\/en\/wp-json\/wp\/v2\/media?parent=132"}],"curies":[{"name":"wp","href":"https:\/\/api.w.org\/{rel}","templated":true}]}}