{"id":173,"date":"2020-09-29T09:24:34","date_gmt":"2020-09-29T09:24:34","guid":{"rendered":"https:\/\/intrevo.creare-siteweb.ro\/plans\/"},"modified":"2023-07-24T13:59:51","modified_gmt":"2023-07-24T13:59:51","slug":"cum-lucram","status":"publish","type":"page","link":"https:\/\/intrevo.ro\/en\/cum-lucram\/","title":{"rendered":"Process"},"content":{"rendered":"<div data-elementor-type=\"wp-page\" data-elementor-id=\"173\" class=\"elementor elementor-173\" data-elementor-post-type=\"page\">\n\t\t\t\t\t\t\t\t\t<section class=\"elementor-section elementor-top-section elementor-element elementor-element-37f099a elementor-section-height-min-height elementor-section-boxed elementor-section-height-default elementor-section-items-middle\" data-id=\"37f099a\" data-element_type=\"section\" data-settings=\"{&quot;background_background&quot;:&quot;classic&quot;}\">\n\t\t\t\t\t\t<div class=\"elementor-container elementor-column-gap-default\">\n\t\t\t\t\t<div class=\"elementor-column elementor-col-100 elementor-top-column elementor-element elementor-element-7f07a95\" data-id=\"7f07a95\" data-element_type=\"column\">\n\t\t\t<div class=\"elementor-widget-wrap\">\n\t\t\t\t\t\t\t\t\t<\/div>\n\t\t<\/div>\n\t\t\t\t\t\t\t<\/div>\n\t\t<\/section>\n\t\t\t\t<section class=\"elementor-section elementor-top-section elementor-element elementor-element-e693ee7 elementor-section-boxed elementor-section-height-default elementor-section-height-default\" data-id=\"e693ee7\" data-element_type=\"section\">\n\t\t\t\t\t\t<div class=\"elementor-container elementor-column-gap-default\">\n\t\t\t\t\t<div class=\"elementor-column elementor-col-100 elementor-top-column elementor-element elementor-element-ee742b0\" data-id=\"ee742b0\" data-element_type=\"column\">\n\t\t\t<div class=\"elementor-widget-wrap elementor-element-populated\">\n\t\t\t\t\t\t\t\t<div class=\"elementor-element elementor-element-c1fa439 elementor-widget elementor-widget-heading\" data-id=\"c1fa439\" data-element_type=\"widget\" data-widget_type=\"heading.default\">\n\t\t\t\t<div class=\"elementor-widget-container\">\n\t\t\t<h2 class=\"elementor-heading-title elementor-size-default\">Process<\/h2>\t\t<\/div>\n\t\t\t\t<\/div>\n\t\t\t\t<div class=\"elementor-element elementor-element-e49a259 elementor-widget elementor-widget-text-editor\" data-id=\"e49a259\" data-element_type=\"widget\" data-widget_type=\"text-editor.default\">\n\t\t\t\t<div class=\"elementor-widget-container\">\n\t\t\t\t\t\t\t<p><strong>A typical International Development Assistance project has the following steps:<\/strong><\/p>\t\t\t\t\t\t<\/div>\n\t\t\t\t<\/div>\n\t\t\t\t<div class=\"elementor-element elementor-element-d4216f6 elementor-widget elementor-widget-eael-adv-accordion\" data-id=\"d4216f6\" data-element_type=\"widget\" data-widget_type=\"eael-adv-accordion.default\">\n\t\t\t\t<div class=\"elementor-widget-container\">\n\t\t\t        <div class=\"eael-adv-accordion\" id=\"eael-adv-accordion-d4216f6\" data-accordion-id=\"d4216f6\" data-accordion-type=\"accordion\" data-toogle-speed=\"300\">\n    <div class=\"eael-accordion-list\">\n                <div id=\"ntocmirea-de-studii-de-oportunitate\" class=\"elementor-tab-title eael-accordion-header\" tabindex=\"2221\" data-tab=\"1\" aria-controls=\"elementor-tab-content-2221\"><span class=\"eael-advanced-accordion-icon-closed\"><i aria-hidden=\"true\" class=\"fa-accordion-icon fas fa-plus\"><\/i><\/span><span class=\"eael-advanced-accordion-icon-opened\"><i aria-hidden=\"true\" class=\"fa-accordion-icon fas fa-minus\"><\/i><\/span><span class=\"eael-accordion-tab-title\">Preparation of Opportunity Studies<\/span><i aria-hidden=\"true\" class=\"fa-toggle fas fa-angle-right\"><\/i><\/div><div id=\"elementor-tab-content-2221\" class=\"eael-accordion-content clearfix\" data-tab=\"1\" aria-labelledby=\"ntocmirea-de-studii-de-oportunitate\"><p><p><span style=\"font-weight: 400;\">These studies are necessary for the Client to understand which entities it can provide services for in its field of activity, their strategic priorities, programmes, way of working and serve as a basis for its decision to affiliate with such entities.<\/span><\/p><\/p><\/div>\n                <\/div><div class=\"eael-accordion-list\">\n                <div id=\"acreditarea-ca-potenial-contractor-al-unor-entiti-internaionale-i-asigurarea-accesului-la-fluxul-de-proiecte-al-acestor-entiti\" class=\"elementor-tab-title eael-accordion-header\" tabindex=\"2222\" data-tab=\"2\" aria-controls=\"elementor-tab-content-2222\"><span class=\"eael-advanced-accordion-icon-closed\"><i aria-hidden=\"true\" class=\"fa-accordion-icon fas fa-plus\"><\/i><\/span><span class=\"eael-advanced-accordion-icon-opened\"><i aria-hidden=\"true\" class=\"fa-accordion-icon fas fa-minus\"><\/i><\/span><span class=\"eael-accordion-tab-title\">Accreditation as a potential contractor of international entities and ensuring access to the project flow of these entities<\/span><i aria-hidden=\"true\" class=\"fa-toggle fas fa-angle-right\"><\/i><\/div><div id=\"elementor-tab-content-2222\" class=\"eael-accordion-content clearfix\" data-tab=\"2\" aria-labelledby=\"acreditarea-ca-potenial-contractor-al-unor-entiti-internaionale-i-asigurarea-accesului-la-fluxul-de-proiecte-al-acestor-entiti\"><p><p><span style=\"font-weight: 400;\">Registration of the Client as a potential contractor, materialized in obtaining its access to the international entity's online procurement platforms. <\/span><\/p><\/p><\/div>\n                <\/div><div class=\"eael-accordion-list\">\n                <div id=\"identificarea-de-oportuniti-i-proiecte-adaptate-profilului-i-experienei-clientului\" class=\"elementor-tab-title eael-accordion-header\" tabindex=\"2223\" data-tab=\"3\" aria-controls=\"elementor-tab-content-2223\"><span class=\"eael-advanced-accordion-icon-closed\"><i aria-hidden=\"true\" class=\"fa-accordion-icon fas fa-plus\"><\/i><\/span><span class=\"eael-advanced-accordion-icon-opened\"><i aria-hidden=\"true\" class=\"fa-accordion-icon fas fa-minus\"><\/i><\/span><span class=\"eael-accordion-tab-title\">Identify opportunities and projects tailored to the client's profile and experience<\/span><i aria-hidden=\"true\" class=\"fa-toggle fas fa-angle-right\"><\/i><\/div><div id=\"elementor-tab-content-2223\" class=\"eael-accordion-content clearfix\" data-tab=\"3\" aria-labelledby=\"identificarea-de-oportuniti-i-proiecte-adaptate-profilului-i-experienei-clientului\"><p><p><span style=\"font-weight: 400;\">Based on the access rights obtained by the Client, as potential contractor, the Consultant selects and proposes projects and future opportunities to the Client (or advises the Client's specialised structures for this purpose).<\/span><\/p><\/p><\/div>\n                <\/div><div class=\"eael-accordion-list\">\n                <div id=\"proces-competitiv-de-ofertare-internaional\" class=\"elementor-tab-title eael-accordion-header\" tabindex=\"2224\" data-tab=\"4\" aria-controls=\"elementor-tab-content-2224\"><span class=\"eael-advanced-accordion-icon-closed\"><i aria-hidden=\"true\" class=\"fa-accordion-icon fas fa-plus\"><\/i><\/span><span class=\"eael-advanced-accordion-icon-opened\"><i aria-hidden=\"true\" class=\"fa-accordion-icon fas fa-minus\"><\/i><\/span><span class=\"eael-accordion-tab-title\">International Competitive Bidding Process<\/span><i aria-hidden=\"true\" class=\"fa-toggle fas fa-angle-right\"><\/i><\/div><div id=\"elementor-tab-content-2224\" class=\"eael-accordion-content clearfix\" data-tab=\"4\" aria-labelledby=\"proces-competitiv-de-ofertare-internaional\"><p><p><span style=\"font-weight: 400;\">After the Client's decision to participate in a tender and receipt of the specific documentation (e.g. specifications, work specifications), the Consultant assists the Client in the preparation of the various types of response (pre-qualifications, Expression of Interest, including the Client's offer of services or products for the tender). In this respect, the Consultant can provide technical, legal, analytical support (multi-level evaluation of the project and its geographical area of implementation), but also, and most importantly, a recommendation of partners or suppliers whose skills and geographical positioning can increase the chances of winning the project. <\/span><\/p><\/p><\/div>\n                <\/div><div class=\"eael-accordion-list\">\n                <div id=\"asistena-n-implementarea-proiectelor\" class=\"elementor-tab-title eael-accordion-header\" tabindex=\"2225\" data-tab=\"5\" aria-controls=\"elementor-tab-content-2225\"><span class=\"eael-advanced-accordion-icon-closed\"><i aria-hidden=\"true\" class=\"fa-accordion-icon fas fa-plus\"><\/i><\/span><span class=\"eael-advanced-accordion-icon-opened\"><i aria-hidden=\"true\" class=\"fa-accordion-icon fas fa-minus\"><\/i><\/span><span class=\"eael-accordion-tab-title\">Assistance in project implementation<\/span><i aria-hidden=\"true\" class=\"fa-toggle fas fa-angle-right\"><\/i><\/div><div id=\"elementor-tab-content-2225\" class=\"eael-accordion-content clearfix\" data-tab=\"5\" aria-labelledby=\"asistena-n-implementarea-proiectelor\"><p><p><span style=\"font-weight: 400;\">Services adapted to the project\u2019s implementation phase, such as: representation of the Client before the contracting or financing authorities, project management, supervision of critical phases or elements of the project, etc. <\/span><\/p><\/p><\/div>\n                <\/div><\/div>\t\t<\/div>\n\t\t\t\t<\/div>\n\t\t\t\t\t<\/div>\n\t\t<\/div>\n\t\t\t\t\t\t\t<\/div>\n\t\t<\/section>\n\t\t\t\t\t\t\t<\/div>","protected":false},"excerpt":{"rendered":"<p>Cum lucr\u0103m? Un proiect tipic din domeniul Asisten\u021bei interna\u021bionale \u00een dezvoltare are urm\u0103torii pa\u0219i: \u00centocmirea de Studii de oportunitate Aceste studii sunt necesare Clientului pentru a \u00een\u021belege care sunt entit\u0103\u021bile pentru care poate presta servicii \u00een domeniul s\u0103u de activitate, priorit\u0103\u021bile strategice, programele \u0219i modul de lucru al acestora \u0219i serve\u0219te ca baz\u0103 pentru decizia &hellip;<\/p>\n<p class=\"read-more\"> <a class=\"\" href=\"https:\/\/intrevo.ro\/en\/cum-lucram\/\"> <span class=\"screen-reader-text\">Process<\/span> Read More &raquo;<\/a><\/p>","protected":false},"author":1,"featured_media":0,"parent":0,"menu_order":0,"comment_status":"closed","ping_status":"closed","template":"","meta":{"site-sidebar-layout":"no-sidebar","site-content-layout":"page-builder","ast-global-header-display":"","ast-banner-title-visibility":"","ast-main-header-display":"","ast-hfb-above-header-display":"","ast-hfb-below-header-display":"","ast-hfb-mobile-header-display":"","site-post-title":"disabled","ast-breadcrumbs-content":"","ast-featured-img":"disabled","footer-sml-layout":"","theme-transparent-header-meta":"enabled","adv-header-id-meta":"","stick-header-meta":"","header-above-stick-meta":"","header-main-stick-meta":"","header-below-stick-meta":"","footnotes":""},"class_list":["post-173","page","type-page","status-publish","hentry"],"yoast_head":"<!-- This site is optimized with the Yoast SEO plugin v20.12 - https:\/\/yoast.com\/wordpress\/plugins\/seo\/ -->\n<title>Pasii pentru un proiect in asistentei internationale in dezvoltare<\/title>\n<meta name=\"description\" content=\"Vezi aici care sunt pasii necesari pentru un proiect tipic din domeniul asistentei internationale in dezvoltare!\" \/>\n<meta name=\"robots\" content=\"index, follow, max-snippet:-1, max-image-preview:large, max-video-preview:-1\" \/>\n<link rel=\"canonical\" href=\"https:\/\/intrevo.ro\/en\/cum-lucram\/\" \/>\n<meta property=\"og:locale\" content=\"en_US\" \/>\n<meta property=\"og:type\" content=\"article\" \/>\n<meta property=\"og:title\" content=\"Pasii pentru un proiect in asistentei internationale in dezvoltare\" \/>\n<meta property=\"og:description\" content=\"Vezi aici care sunt pasii necesari pentru un proiect tipic din domeniul asistentei internationale in dezvoltare!\" \/>\n<meta property=\"og:url\" content=\"https:\/\/intrevo.ro\/en\/cum-lucram\/\" \/>\n<meta property=\"og:site_name\" content=\"Intrevo\" \/>\n<meta property=\"article:modified_time\" content=\"2023-07-24T13:59:51+00:00\" \/>\n<meta name=\"twitter:card\" content=\"summary_large_image\" \/>\n<meta name=\"twitter:label1\" content=\"Est. reading time\" \/>\n\t<meta name=\"twitter:data1\" content=\"2 minutes\" \/>\n<script type=\"application\/ld+json\" class=\"yoast-schema-graph\">{\"@context\":\"https:\/\/schema.org\",\"@graph\":[{\"@type\":\"WebPage\",\"@id\":\"https:\/\/intrevo.ro\/cum-lucram\/\",\"url\":\"https:\/\/intrevo.ro\/cum-lucram\/\",\"name\":\"Pasii pentru un proiect in asistentei internationale in dezvoltare\",\"isPartOf\":{\"@id\":\"https:\/\/intrevo.ro\/#website\"},\"datePublished\":\"2020-09-29T09:24:34+00:00\",\"dateModified\":\"2023-07-24T13:59:51+00:00\",\"description\":\"Vezi aici care sunt pasii necesari pentru un proiect tipic din domeniul asistentei internationale in dezvoltare!\",\"breadcrumb\":{\"@id\":\"https:\/\/intrevo.ro\/cum-lucram\/#breadcrumb\"},\"inLanguage\":\"en-US\",\"potentialAction\":[{\"@type\":\"ReadAction\",\"target\":[\"https:\/\/intrevo.ro\/cum-lucram\/\"]}]},{\"@type\":\"BreadcrumbList\",\"@id\":\"https:\/\/intrevo.ro\/cum-lucram\/#breadcrumb\",\"itemListElement\":[{\"@type\":\"ListItem\",\"position\":1,\"name\":\"Home\",\"item\":\"https:\/\/intrevo.ro\/\"},{\"@type\":\"ListItem\",\"position\":2,\"name\":\"Cum lucr\u0103m\"}]},{\"@type\":\"WebSite\",\"@id\":\"https:\/\/intrevo.ro\/#website\",\"url\":\"https:\/\/intrevo.ro\/\",\"name\":\"Intrevo\",\"description\":\"Keep it simple and deliver!\",\"publisher\":{\"@id\":\"https:\/\/intrevo.ro\/#organization\"},\"potentialAction\":[{\"@type\":\"SearchAction\",\"target\":{\"@type\":\"EntryPoint\",\"urlTemplate\":\"https:\/\/intrevo.ro\/?s={search_term_string}\"},\"query-input\":\"required name=search_term_string\"}],\"inLanguage\":\"en-US\"},{\"@type\":\"Organization\",\"@id\":\"https:\/\/intrevo.ro\/#organization\",\"name\":\"Intrevo\",\"url\":\"https:\/\/intrevo.ro\/\",\"logo\":{\"@type\":\"ImageObject\",\"inLanguage\":\"en-US\",\"@id\":\"https:\/\/intrevo.ro\/#\/schema\/logo\/image\/\",\"url\":\"https:\/\/intrevo.ro\/wp-content\/uploads\/2022\/02\/intrevo-final-fundal-trasnparent.png\",\"contentUrl\":\"https:\/\/intrevo.ro\/wp-content\/uploads\/2022\/02\/intrevo-final-fundal-trasnparent.png\",\"width\":6123,\"height\":1303,\"caption\":\"Intrevo\"},\"image\":{\"@id\":\"https:\/\/intrevo.ro\/#\/schema\/logo\/image\/\"}}]}<\/script>\n<!-- \/ Yoast SEO plugin. -->","yoast_head_json":{"title":"Pasii pentru un proiect in asistentei internationale in dezvoltare","description":"Vezi aici care sunt pasii necesari pentru un proiect tipic din domeniul asistentei internationale in dezvoltare!","robots":{"index":"index","follow":"follow","max-snippet":"max-snippet:-1","max-image-preview":"max-image-preview:large","max-video-preview":"max-video-preview:-1"},"canonical":"https:\/\/intrevo.ro\/en\/cum-lucram\/","og_locale":"en_US","og_type":"article","og_title":"Pasii pentru un proiect in asistentei internationale in dezvoltare","og_description":"Vezi aici care sunt pasii necesari pentru un proiect tipic din domeniul asistentei internationale in dezvoltare!","og_url":"https:\/\/intrevo.ro\/en\/cum-lucram\/","og_site_name":"Intrevo","article_modified_time":"2023-07-24T13:59:51+00:00","twitter_card":"summary_large_image","twitter_misc":{"Est. reading time":"2 minutes"},"schema":{"@context":"https:\/\/schema.org","@graph":[{"@type":"WebPage","@id":"https:\/\/intrevo.ro\/cum-lucram\/","url":"https:\/\/intrevo.ro\/cum-lucram\/","name":"Pasii pentru un proiect in asistentei internationale in dezvoltare","isPartOf":{"@id":"https:\/\/intrevo.ro\/#website"},"datePublished":"2020-09-29T09:24:34+00:00","dateModified":"2023-07-24T13:59:51+00:00","description":"Vezi aici care sunt pasii necesari pentru un proiect tipic din domeniul asistentei internationale in dezvoltare!","breadcrumb":{"@id":"https:\/\/intrevo.ro\/cum-lucram\/#breadcrumb"},"inLanguage":"en-US","potentialAction":[{"@type":"ReadAction","target":["https:\/\/intrevo.ro\/cum-lucram\/"]}]},{"@type":"BreadcrumbList","@id":"https:\/\/intrevo.ro\/cum-lucram\/#breadcrumb","itemListElement":[{"@type":"ListItem","position":1,"name":"Home","item":"https:\/\/intrevo.ro\/"},{"@type":"ListItem","position":2,"name":"Cum lucr\u0103m"}]},{"@type":"WebSite","@id":"https:\/\/intrevo.ro\/#website","url":"https:\/\/intrevo.ro\/","name":"Intrevo","description":"Keep it simple and deliver!","publisher":{"@id":"https:\/\/intrevo.ro\/#organization"},"potentialAction":[{"@type":"SearchAction","target":{"@type":"EntryPoint","urlTemplate":"https:\/\/intrevo.ro\/?s={search_term_string}"},"query-input":"required name=search_term_string"}],"inLanguage":"en-US"},{"@type":"Organization","@id":"https:\/\/intrevo.ro\/#organization","name":"Intrevo","url":"https:\/\/intrevo.ro\/","logo":{"@type":"ImageObject","inLanguage":"en-US","@id":"https:\/\/intrevo.ro\/#\/schema\/logo\/image\/","url":"https:\/\/intrevo.ro\/wp-content\/uploads\/2022\/02\/intrevo-final-fundal-trasnparent.png","contentUrl":"https:\/\/intrevo.ro\/wp-content\/uploads\/2022\/02\/intrevo-final-fundal-trasnparent.png","width":6123,"height":1303,"caption":"Intrevo"},"image":{"@id":"https:\/\/intrevo.ro\/#\/schema\/logo\/image\/"}}]}},"_links":{"self":[{"href":"https:\/\/intrevo.ro\/en\/wp-json\/wp\/v2\/pages\/173","targetHints":{"allow":["GET"]}}],"collection":[{"href":"https:\/\/intrevo.ro\/en\/wp-json\/wp\/v2\/pages"}],"about":[{"href":"https:\/\/intrevo.ro\/en\/wp-json\/wp\/v2\/types\/page"}],"author":[{"embeddable":true,"href":"https:\/\/intrevo.ro\/en\/wp-json\/wp\/v2\/users\/1"}],"replies":[{"embeddable":true,"href":"https:\/\/intrevo.ro\/en\/wp-json\/wp\/v2\/comments?post=173"}],"version-history":[{"count":45,"href":"https:\/\/intrevo.ro\/en\/wp-json\/wp\/v2\/pages\/173\/revisions"}],"predecessor-version":[{"id":897,"href":"https:\/\/intrevo.ro\/en\/wp-json\/wp\/v2\/pages\/173\/revisions\/897"}],"wp:attachment":[{"href":"https:\/\/intrevo.ro\/en\/wp-json\/wp\/v2\/media?parent=173"}],"curies":[{"name":"wp","href":"https:\/\/api.w.org\/{rel}","templated":true}]}}