{"id":765,"date":"2022-03-28T10:37:57","date_gmt":"2022-03-28T10:37:57","guid":{"rendered":"https:\/\/intrevo.ro\/?page_id=765"},"modified":"2022-03-28T10:42:17","modified_gmt":"2022-03-28T10:42:17","slug":"politica-de-confidentialitate","status":"publish","type":"page","link":"https:\/\/intrevo.ro\/en\/politica-de-confidentialitate\/","title":{"rendered":"Confidentiality policy"},"content":{"rendered":"<div data-elementor-type=\"wp-page\" data-elementor-id=\"765\" class=\"elementor elementor-765\" data-elementor-post-type=\"page\">\n\t\t\t\t\t\t\t\t\t<section class=\"elementor-section elementor-top-section elementor-element elementor-element-fdc990d elementor-section-boxed elementor-section-height-default elementor-section-height-default\" data-id=\"fdc990d\" data-element_type=\"section\">\n\t\t\t\t\t\t<div class=\"elementor-container elementor-column-gap-default\">\n\t\t\t\t\t<div class=\"elementor-column elementor-col-100 elementor-top-column elementor-element elementor-element-7521cc0\" data-id=\"7521cc0\" data-element_type=\"column\">\n\t\t\t<div class=\"elementor-widget-wrap elementor-element-populated\">\n\t\t\t\t\t\t\t\t<div class=\"elementor-element elementor-element-1f483d3 elementor-widget elementor-widget-heading\" data-id=\"1f483d3\" data-element_type=\"widget\" data-widget_type=\"heading.default\">\n\t\t\t\t<div class=\"elementor-widget-container\">\n\t\t\t<h2 class=\"elementor-heading-title elementor-size-default\">Confidentiality policy<\/h2>\t\t<\/div>\n\t\t\t\t<\/div>\n\t\t\t\t<div class=\"elementor-element elementor-element-a94c24a elementor-widget elementor-widget-text-editor\" data-id=\"a94c24a\" data-element_type=\"widget\" data-widget_type=\"text-editor.default\">\n\t\t\t\t<div class=\"elementor-widget-container\">\n\t\t\t\t\t\t\t<p><span style=\"font-weight: 400;\">Respect\u0103m dispozi\u021biile legale privitoare la protec\u021bia datelor cu caracter personal \u0219i punem \u00een aplicare m\u0103suri tehnice \u0219i organizatorice de protejare a tuturor opera\u021biunilor privitoare \u00een mod direct sau indirect la datele cu caracter personal, care previn prelucr\u0103rile neautorizate sau ilegale, precum \u0219i pierderile sau distrugerile accidentale sau ilegale.<\/span><\/p><p><span style=\"font-weight: 400;\">In scopul procesarii mesajelor si cererilor si a onorarii acestora,<\/span><span style=\"font-weight: 400;\"> INTREVO DEVELOPMENT SRL, colecteaza datele personale ale clientilor, respectiv numele, numarul de telefon si adresa de e-mail, in conformitate cu prevederile Regulamentul (UE) 2016\/679 al Parlamentului European \u0219i al Consiliului European din 27 aprilie 2016 privind protec\u021bia persoanelor fizice \u00een ceea ce prive\u0219te prelucrarea datelor cu caracter personal \u0219i privind libera circula\u021bie a acestor date.<\/span><\/p><p><span style=\"font-weight: 400;\">Colect\u0103m \u0219i prelucr\u0103m numele, adresa de e-mail si numarul de telefon, pentru comunicarea cu dumneavoastr\u0103 \u00een vederea execut\u0103rii obliga\u021biilor contractuale \u0219i pentru a r\u0103spunde <\/span><span style=\"font-weight: 400;\">solicit\u0103rilor \/ mesajelor transmise prin intermediul site-ului.<\/span><\/p><p><span style=\"font-weight: 400;\">Toate aceste date vor fi p\u0103strate pe durata \u021binerii eviden\u021belor financiar-contabile \u0219i fiscale impuse de legisla\u021bia \u00een materie, dar nu mai mult de 5 ani.<\/span><\/p><p><span style=\"font-weight: 400;\">Nu utiliz\u0103m datele cu caracter personal pentru prelucrare automatizat\u0103 \u0219i nici pentru realizarea de profile. Nu lu\u0103m niciodat\u0103 decizii automate cu privire la dumneavoastr\u0103. Utiliz\u0103m mijloace tehnice pentru stocarea datelor \u00een condi\u021bii de securitate. Nu prelucr\u0103m date \u00een scopuri secundare incompatibile cu scopurile pentru care le-am colectat.<\/span><\/p><p><span style=\"font-weight: 400;\">Respect\u0103m \u0219i asigur\u0103m \u00een mod strict confiden\u021bialitatea datelor prelucrate. Nu dezv\u0103luim datele dec\u00e2t pentru realizarea intereselor dumneavoastr\u0103 sau pentru \u00eendeplinirea obliga\u021biilor legale. Confiden\u021bialitatea este pentru noi o valoare esen\u021bial\u0103.<\/span><\/p><p><span style=\"font-weight: 400;\">De asemenea, putem furniza datele cu caracter personal ale dumneavoastr\u0103 \u0219i altor companii cu care ne afl\u0103m in relatii de parteneriat, dar numai in temeiul unui angajament de confidentialitate din partea acestora, prin care garanteaza ca aceste date sunt pastrate in siguranta si ca furnizarea acestor informatii personale se face conform legislatiei in vigoare, dupa cum urmeaza: furnizorilor de servicii de curierat, furnizorilor de servicii de marketing, furnizorilor de servicii de plata \/ bancare, telemarketing sau alte servicii,\u00a0 furnizate de companii cu care putem dezvolta programe comune de ofertare pe piata a\u00a0 Bunurilor si Serviciilor noastre, asigur\u0103tori etc..<\/span><\/p><p><span style=\"font-weight: 400;\">In vederea plasarii unei solicitari, clientul va furniza datele si informatiile solicitate in formularul on-line de trimitere mesaj, de plasare a comenzii sau prin telefon, refuzul comunicarii informatiilor solicitate impiedicand vanzatorul sa inregistreze si sa onoreze comanda efectuata.<\/span><\/p><p><span style=\"font-weight: 400;\">Proprietarul, precum \u015fi operatorul acestui website nu sunt r\u0103spunz\u0103tori pentru erorile clientilor in introducerea acestor date sau de eventuale date false furnizate de acestia. Clientul are obligatia de a furniza date corecte si conforme cu realitatea, purtand intreaga raspundere pentru incorectitudinea informatiilor transmise vanzatorului.<\/span><\/p><p><span style=\"font-weight: 400;\">Datele personale nu vor fi v\u00e2ndute, transferate sau distribuite sub nici o form\u0103 unor ter\u0163e p\u0103r\u0163i ori \u00een alte \u021b\u0103ri, cu excep\u0163ia cazului in care sunt solicitate de autorit\u0103\u0163ile publice competente, in conformitate cu prevederile Regulamentului (UE) 2016\/679.<\/span><\/p><p><span style=\"font-weight: 400;\">Recomand\u0103m tuturor utilizatorilor acestui website s\u0103 \u00ee\u015fi ia toate m\u0103surile de siguran\u0163\u0103 atunci c\u00e2nd ofer\u0103 date personale online \u015fi s\u0103 verifice periodic starea \u015fi acurate\u0163ea acestor date. Utilizatorii sunt r\u0103spunz\u0103tori \u00een mod direct de modul \u00een care \u00ee\u015fi protejeaz\u0103 datele de logare, av\u00e2nd \u00een vedere c\u0103 poate<\/span><\/p><p><span style=\"font-weight: 400;\">suporta consecin\u0163ele unei utiliz\u0103ri neautorizate.<\/span><\/p><p><span style=\"font-weight: 400;\">Drepturile dumneavostr\u0103<\/span><\/p><p><span style=\"font-weight: 400;\">Potrivit Regulamentului (UE) 2016\/679, dumneavoastr\u0103 beneficia\u021bi de dreptul de acces si de interventie asupra datelor personale furnizate. In acest sens, ave\u021bi dreptul de a ob\u021bine din partea noastr\u0103 o confirmare c\u0103 se prelucreaz\u0103 sau nu date cu caracter personal care v\u0103 privesc \u0219i, \u00een caz afirmativ, ave\u021bi acces la datele respective, precum \u0219i la urm\u0103toarele informa\u021bii:<\/span><\/p><ul><li style=\"font-weight: 400;\" aria-level=\"1\"><span style=\"font-weight: 400;\">Scopurile prelucr\u0103rii;<\/span><\/li><li style=\"font-weight: 400;\" aria-level=\"1\"><span style=\"font-weight: 400;\">Categoriile de date cu caracter personal vizate;<\/span><\/li><li style=\"font-weight: 400;\" aria-level=\"1\"><span style=\"font-weight: 400;\">Destinatarii sau categoriile de destinatari c\u0103rora datele cu caracter personal le-au fost sau urmeaz\u0103 s\u0103 le fie divulgate;<\/span><\/li><li style=\"font-weight: 400;\" aria-level=\"1\"><span style=\"font-weight: 400;\">Acolo unde este posibil, perioada pentru care se preconizeaz\u0103 c\u0103 vor fi stocate datele cu caracter personal sau, dac\u0103 acest lucru nu este posibil, criteriile utilizate pentru a stabili aceast\u0103 perioad\u0103.<\/span><\/li><\/ul><p><span style=\"font-weight: 400;\">\u00a0<\/span><\/p><p><span style=\"font-weight: 400;\">La cerere, noi v\u0103 vom furniza o copie a datelor cu caracter personal care fac obiectul prelucr\u0103rii. Pentru orice alte copii solicitate, v\u0103 vom percepe o tax\u0103 rezonabil\u0103, bazat\u0103 pe costurile administrative. \u00cen cazul \u00een care ne ve\u021bi adresa cererea \u00een format electronic \u0219i cu excep\u021bia cazului \u00een care solicita\u021bi un format material, informa\u021biile vor fi furnizate \u00eentr-un format electronic utilizat \u00een mod curent (word, pdf etc.).<\/span><\/p><p><span style=\"font-weight: 400;\">De asemenea, clientii au dreptul la rectificarea, modificarea \u0219i actualizarea datelor prelucrate. Astfel, ave\u021bi dreptul de a ob\u021bine de la noi, f\u0103r\u0103 \u00eent\u00e2rzieri nejustificate, rectificarea datelor cu caracter personal inexacte care v\u0103 privesc. \u021ain\u00e2ndu-se seama de scopurile \u00een care au fost prelucrate datele, ave\u021bi dreptul de a ob\u021bine completarea datelor cu caracter personal care sunt incomplete, inclusiv prin furnizarea unei declara\u021bii suplimentare.<\/span><\/p><p><span style=\"font-weight: 400;\">Ave\u021bi dreptul de a ob\u021bine din partea noastr\u0103 \u0219tergerea datelor cu caracter personal care v\u0103 privesc, f\u0103r\u0103 \u00eent\u00e2rzieri nejustificate, iar noi avem obliga\u021bia de a \u0219terge datele cu caracter personal f\u0103r\u0103 \u00eent\u00e2rzieri nejustificate \u00een cazul \u00een care exist\u0103 unul dintre urm\u0103toarele motive:<\/span><\/p><ul><li style=\"font-weight: 400;\" aria-level=\"1\"><span style=\"font-weight: 400;\">Datele cu caracter personal nu mai sunt necesare pentru \u00eendeplinirea scopurilor pentru care au fost colectate sau prelucrate;<\/span><\/li><li style=\"font-weight: 400;\" aria-level=\"1\"><span style=\"font-weight: 400;\">V\u0103 ve\u021bi retrage consim\u021b\u0103m\u00e2ntul pe baza c\u0103ruia are loc prelucrarea \u0219i nu exist\u0103 niciun alt temei juridic pentru prelucrare;<\/span><\/li><li style=\"font-weight: 400;\" aria-level=\"1\"><span style=\"font-weight: 400;\">V\u0103 ve\u021bi opune prelucr\u0103rii \u0219i nu exist\u0103 motive legitime care s\u0103 prevaleze \u00een ceea ce prive\u0219te prelucrarea;<\/span><\/li><li style=\"font-weight: 400;\" aria-level=\"1\"><span style=\"font-weight: 400;\">Datele cu caracter personal au fost prelucrate ilegal;<\/span><\/li><li style=\"font-weight: 400;\" aria-level=\"1\"><span style=\"font-weight: 400;\">Datele cu caracter personal trebuie \u0219terse pentru respectarea unei obliga\u021bii legale care ne revine \u00een temeiul dreptului Uniunii Europene sau al legilor din Rom\u00e2nia;<\/span><\/li><\/ul><p><span style=\"font-weight: 400;\">\u00cen cazul \u00een care vom comunica datele dumneavoastr\u0103 societ\u0103\u021bilor de curierat sau celorlal\u021bi parteneri, iar dumneavoastr\u0103 ve\u021bi solicita \u0219tergerea acestora, vom lua toate m\u0103surile rezonabile pentru a informa partenerii care prelucreaz\u0103 datele c\u0103 a\u021bi solicitat \u0219tergerea oric\u0103ror linkuri c\u0103tre datele respective sau a oric\u0103ror copii sau reproduceri ale acestor date cu caracter personal.<\/span><\/p><p><span style=\"font-weight: 400;\">Datele nu vor fi \u0219terse dac\u0103:<\/span><\/p><ul><li style=\"font-weight: 400;\" aria-level=\"1\"><span style=\"font-weight: 400;\">Prelucrarea este necesar\u0103 pentru respectarea unei obliga\u021bii legale care prevede prelucrarea \u00een temeiul dreptului Uniunii sau al legilor din Rom\u00e2nia sau pentru \u00eendeplinirea unei sarcini executate \u00een interes public;<\/span><\/li><li style=\"font-weight: 400;\" aria-level=\"1\"><span style=\"font-weight: 400;\">Din motive de interes public \u00een domeniul s\u0103n\u0103t\u0103\u021bii publice;<\/span><\/li><li style=\"font-weight: 400;\" aria-level=\"1\"><span style=\"font-weight: 400;\">Prelucrarea este necesar\u0103 pentru constatarea, exercitarea sau ap\u0103rarea unui drept \u00een instan\u021b\u0103.<\/span><\/li><\/ul><p><span style=\"font-weight: 400;\">Ave\u021bi dreptul de a ob\u021bine restric\u021bionarea prelucr\u0103rii \u00een cazul \u00een care se aplic\u0103 unul din urm\u0103toarele cazuri:<\/span><\/p><ul><li style=\"font-weight: 400;\" aria-level=\"1\"><span style=\"font-weight: 400;\">Contesta\u021bi exactitatea datelor, pentru o perioad\u0103 care ne permite s\u0103 verific\u0103m exactitatea datelor prelucrate;<\/span><\/li><li style=\"font-weight: 400;\" aria-level=\"1\"><span style=\"font-weight: 400;\">Prelucrarea este ilegal\u0103, iar dumneavoastr\u0103 v\u0103 ve\u021bi opune \u0219tergerii datelor cu caracter personal, solicit\u00e2nd \u00een schimb restric\u021bionarea utiliz\u0103rii lor;<\/span><\/li><li style=\"font-weight: 400;\" aria-level=\"1\"><span style=\"font-weight: 400;\">Noi nu mai avem nevoie de datele cu caracter personal \u00een scopul prelucr\u0103rii, dar dumneavoastr\u0103 ni le ve\u021bi solicita pentru constatarea, exercitarea sau ap\u0103rarea unui drept \u00een instan\u021b\u0103.<\/span><\/li><\/ul><p><span style=\"font-weight: 400;\">\u00cen cazul \u00een care prelucrarea datelor a fost restric\u021bionat\u0103 \u00een cazurile sus-men\u021bionate, astfel de date cu caracter personal pot, cu excep\u021bia stoc\u0103rii, s\u0103 fie prelucrate numai cu consim\u021b\u0103m\u00e2ntul dumneavoastr\u0103 sau pentru constatarea, exercitarea sau ap\u0103rarea unui drept \u00een instan\u021b\u0103 sau pentru protec\u021bia drepturilor unei alte persoane fizice sau juridice sau din motive de interes public important al Uniunii Europene sau al Statului Rom\u00e2n.<\/span><\/p><p><span style=\"font-weight: 400;\">\u00cen cazul \u00een care a\u021bi ob\u021binut restric\u021bionarea prelucr\u0103rii datelor cu caracter personal, ve\u021bi fi informat\u0103 de c\u0103tre de noi \u00eenainte de ridicarea restric\u021biei de prelucrare.<\/span><\/p><p><span style=\"font-weight: 400;\">Ave\u021bi dreptul de a primi datele cu caracter personal care v\u0103 privesc \u0219i pe care ni le-a\u021bi furnizat, \u00eentr-un format structurat, utilizat \u00een mod curent \u0219i care poate fi citit automat. Ave\u021bi dreptul de a transmite aceste date altui operator, f\u0103r\u0103 obstacole din partea noastr\u0103, direct de la noi c\u0103tre un alt operator, acolo unde acest lucru este fezabil din punct de vedere tehnic. Exercitarea dreptului men\u021bionat anterior nu aduce atingere dreptului dumneavoastr\u0103 la \u0219tergerea datelor.<\/span><\/p><p><span style=\"font-weight: 400;\">Orice client are, de asemenea, dreptul de a se opune, \u00een mod gratuit si fara nici o justificare, la prelucrarile datelor sale personale \u00een scopuri de marketing direct.<\/span><\/p><p><span style=\"font-weight: 400;\">Pentru exercitarea tuturor drepturilor men\u021bionate anterior, va puteti adresa oricand cu o cerere scrisa la sediul nostru din BUCURESTI, CALEA FLOREASCA, NR. 169A, ET. 4, CORP A, BIROUL 2039-2044, CAMPUS 05, SECTOR 1<\/span><span style=\"font-weight: 400;\">.<\/span> <span style=\"font-weight: 400;\">De asemenea, va este recunoscut dreptul de a va adresa justitiei.<\/span><\/p><p><span style=\"font-weight: 400;\">Datele dumneavoastra nu vor fi transferate \u00eentr-o alta tara.<\/span><\/p><p><span style=\"font-weight: 400;\">Prin completarea datelor in formularele de trimitere mesaj, dumneavoastra, utilizatorul\/cumparatorul declarati si acceptati in mod expres ca datele dumneavoastre personale sa fie incluse in baza de date a <a href=\"https:\/\/intrevo.ro\/en\/\">www.intrevo.ro<\/a> si v\u0103 da\u021bi acordul expres si neechivoc ca toate aceste date personale sa fie stocate, utilizate si prelucrate in scopul execut\u0103rii comenzilor efectuate sau pentru a raspunde <\/span><span style=\"font-weight: 400;\">mesajelor si solicitarilor transmise.<\/span><\/p><p><span style=\"font-weight: 400;\">Informatiile cumparatorului cu caracter personal pot fi furnizate si catre Parchetul General, Politie, instantele judecatoresti si alte organe abilitate ale statului, in baza si in limitele prevederilor legale si ca urmare a unor cereri expres formulate.<\/span><\/p><p><span style=\"font-weight: 400;\">Beneficia\u021bi de dreptul de acces, interven\u021bie, rectificare \u0219i portare cu privire la datele pe care ni le furniza\u021bi, s\u0103 limita\u021bi prelucrarea realizat\u0103 de noi \u0219i chiar s\u0103 solicita\u021bi \u0219tergerea datelor. Men\u021bion\u0103m c\u0103 interven\u021bia asupra datelor pe care ni le-a\u021bi furnizat poate fi de natur\u0103 s\u0103 \u00eempiedice executarea contractului \u00eencheiat \u00eentre dumneavoastr\u0103 \u0219i noi. \u00cen acest caz, noi vom fi exonera\u021bi de r\u0103spundere. Dac\u0103 sunte\u021bi nemul\u021bumit, ave\u021bi posibilitatea s\u0103 v\u0103 adresa\u021bi \u0219i s\u0103 depune\u021bi pl\u00e2ngere \u00eempotriva noastr\u0103 \u00een fa\u021ba Autorit\u0103\u021bii Nationale de Supraveghere a Prelucrarii Datelor cu Caracter Personal, precum \u0219i \u00een fa\u021ba intstan\u021belor de judecat\u0103 competente.<\/span><\/p>\t\t\t\t\t\t<\/div>\n\t\t\t\t<\/div>\n\t\t\t\t\t<\/div>\n\t\t<\/div>\n\t\t\t\t\t\t\t<\/div>\n\t\t<\/section>\n\t\t\t\t\t\t\t<\/div>","protected":false},"excerpt":{"rendered":"<p>Politica de Confiden\u021bialitate Respect\u0103m dispozi\u021biile legale privitoare la protec\u021bia datelor cu caracter personal \u0219i punem \u00een aplicare m\u0103suri tehnice \u0219i organizatorice de protejare a tuturor opera\u021biunilor privitoare \u00een mod direct sau indirect la datele cu caracter personal, care previn prelucr\u0103rile neautorizate sau ilegale, precum \u0219i pierderile sau distrugerile accidentale sau ilegale. In scopul procesarii mesajelor &hellip;<\/p>\n<p class=\"read-more\"> <a class=\"\" href=\"https:\/\/intrevo.ro\/en\/politica-de-confidentialitate\/\"> <span class=\"screen-reader-text\">Confidentiality policy<\/span> Read More &raquo;<\/a><\/p>","protected":false},"author":1,"featured_media":0,"parent":0,"menu_order":0,"comment_status":"closed","ping_status":"closed","template":"","meta":{"site-sidebar-layout":"no-sidebar","site-content-layout":"page-builder","ast-global-header-display":"","ast-banner-title-visibility":"","ast-main-header-display":"","ast-hfb-above-header-display":"","ast-hfb-below-header-display":"","ast-hfb-mobile-header-display":"","site-post-title":"disabled","ast-breadcrumbs-content":"","ast-featured-img":"disabled","footer-sml-layout":"","theme-transparent-header-meta":"","adv-header-id-meta":"","stick-header-meta":"","header-above-stick-meta":"","header-main-stick-meta":"","header-below-stick-meta":"","footnotes":""},"class_list":["post-765","page","type-page","status-publish","hentry"],"yoast_head":"<!-- This site is optimized with the Yoast SEO plugin v20.12 - https:\/\/yoast.com\/wordpress\/plugins\/seo\/ -->\n<title>Politica de Confiden\u021bialitate - Intrevo<\/title>\n<meta name=\"robots\" content=\"index, follow, max-snippet:-1, max-image-preview:large, max-video-preview:-1\" \/>\n<link rel=\"canonical\" href=\"https:\/\/intrevo.ro\/en\/politica-de-confidentialitate\/\" \/>\n<meta property=\"og:locale\" content=\"en_US\" \/>\n<meta property=\"og:type\" content=\"article\" \/>\n<meta property=\"og:title\" content=\"Politica de Confiden\u021bialitate - Intrevo\" \/>\n<meta property=\"og:description\" content=\"Politica de Confiden\u021bialitate Respect\u0103m dispozi\u021biile legale privitoare la protec\u021bia datelor cu caracter personal \u0219i punem \u00een aplicare m\u0103suri tehnice \u0219i organizatorice de protejare a tuturor opera\u021biunilor privitoare \u00een mod direct sau indirect la datele cu caracter personal, care previn prelucr\u0103rile neautorizate sau ilegale, precum \u0219i pierderile sau distrugerile accidentale sau ilegale. In scopul procesarii mesajelor &hellip; Politica de Confiden\u021bialitate Read More &raquo;\" \/>\n<meta property=\"og:url\" content=\"https:\/\/intrevo.ro\/en\/politica-de-confidentialitate\/\" \/>\n<meta property=\"og:site_name\" content=\"Intrevo\" \/>\n<meta property=\"article:modified_time\" content=\"2022-03-28T10:42:17+00:00\" \/>\n<meta name=\"twitter:card\" content=\"summary_large_image\" \/>\n<meta name=\"twitter:label1\" content=\"Est. reading time\" \/>\n\t<meta name=\"twitter:data1\" content=\"8 minutes\" \/>\n<script type=\"application\/ld+json\" class=\"yoast-schema-graph\">{\"@context\":\"https:\/\/schema.org\",\"@graph\":[{\"@type\":\"WebPage\",\"@id\":\"https:\/\/intrevo.ro\/politica-de-confidentialitate\/\",\"url\":\"https:\/\/intrevo.ro\/politica-de-confidentialitate\/\",\"name\":\"Politica de Confiden\u021bialitate - Intrevo\",\"isPartOf\":{\"@id\":\"https:\/\/intrevo.ro\/#website\"},\"datePublished\":\"2022-03-28T10:37:57+00:00\",\"dateModified\":\"2022-03-28T10:42:17+00:00\",\"breadcrumb\":{\"@id\":\"https:\/\/intrevo.ro\/politica-de-confidentialitate\/#breadcrumb\"},\"inLanguage\":\"en-US\",\"potentialAction\":[{\"@type\":\"ReadAction\",\"target\":[\"https:\/\/intrevo.ro\/politica-de-confidentialitate\/\"]}]},{\"@type\":\"BreadcrumbList\",\"@id\":\"https:\/\/intrevo.ro\/politica-de-confidentialitate\/#breadcrumb\",\"itemListElement\":[{\"@type\":\"ListItem\",\"position\":1,\"name\":\"Home\",\"item\":\"https:\/\/intrevo.ro\/\"},{\"@type\":\"ListItem\",\"position\":2,\"name\":\"Politica de Confiden\u021bialitate\"}]},{\"@type\":\"WebSite\",\"@id\":\"https:\/\/intrevo.ro\/#website\",\"url\":\"https:\/\/intrevo.ro\/\",\"name\":\"Intrevo\",\"description\":\"Keep it simple and deliver!\",\"publisher\":{\"@id\":\"https:\/\/intrevo.ro\/#organization\"},\"potentialAction\":[{\"@type\":\"SearchAction\",\"target\":{\"@type\":\"EntryPoint\",\"urlTemplate\":\"https:\/\/intrevo.ro\/?s={search_term_string}\"},\"query-input\":\"required name=search_term_string\"}],\"inLanguage\":\"en-US\"},{\"@type\":\"Organization\",\"@id\":\"https:\/\/intrevo.ro\/#organization\",\"name\":\"Intrevo\",\"url\":\"https:\/\/intrevo.ro\/\",\"logo\":{\"@type\":\"ImageObject\",\"inLanguage\":\"en-US\",\"@id\":\"https:\/\/intrevo.ro\/#\/schema\/logo\/image\/\",\"url\":\"https:\/\/intrevo.ro\/wp-content\/uploads\/2022\/02\/intrevo-final-fundal-trasnparent.png\",\"contentUrl\":\"https:\/\/intrevo.ro\/wp-content\/uploads\/2022\/02\/intrevo-final-fundal-trasnparent.png\",\"width\":6123,\"height\":1303,\"caption\":\"Intrevo\"},\"image\":{\"@id\":\"https:\/\/intrevo.ro\/#\/schema\/logo\/image\/\"}}]}<\/script>\n<!-- \/ Yoast SEO plugin. -->","yoast_head_json":{"title":"Politica de Confiden\u021bialitate - Intrevo","robots":{"index":"index","follow":"follow","max-snippet":"max-snippet:-1","max-image-preview":"max-image-preview:large","max-video-preview":"max-video-preview:-1"},"canonical":"https:\/\/intrevo.ro\/en\/politica-de-confidentialitate\/","og_locale":"en_US","og_type":"article","og_title":"Politica de Confiden\u021bialitate - Intrevo","og_description":"Politica de Confiden\u021bialitate Respect\u0103m dispozi\u021biile legale privitoare la protec\u021bia datelor cu caracter personal \u0219i punem \u00een aplicare m\u0103suri tehnice \u0219i organizatorice de protejare a tuturor opera\u021biunilor privitoare \u00een mod direct sau indirect la datele cu caracter personal, care previn prelucr\u0103rile neautorizate sau ilegale, precum \u0219i pierderile sau distrugerile accidentale sau ilegale. In scopul procesarii mesajelor &hellip; Politica de Confiden\u021bialitate Read More &raquo;","og_url":"https:\/\/intrevo.ro\/en\/politica-de-confidentialitate\/","og_site_name":"Intrevo","article_modified_time":"2022-03-28T10:42:17+00:00","twitter_card":"summary_large_image","twitter_misc":{"Est. reading time":"8 minutes"},"schema":{"@context":"https:\/\/schema.org","@graph":[{"@type":"WebPage","@id":"https:\/\/intrevo.ro\/politica-de-confidentialitate\/","url":"https:\/\/intrevo.ro\/politica-de-confidentialitate\/","name":"Politica de Confiden\u021bialitate - Intrevo","isPartOf":{"@id":"https:\/\/intrevo.ro\/#website"},"datePublished":"2022-03-28T10:37:57+00:00","dateModified":"2022-03-28T10:42:17+00:00","breadcrumb":{"@id":"https:\/\/intrevo.ro\/politica-de-confidentialitate\/#breadcrumb"},"inLanguage":"en-US","potentialAction":[{"@type":"ReadAction","target":["https:\/\/intrevo.ro\/politica-de-confidentialitate\/"]}]},{"@type":"BreadcrumbList","@id":"https:\/\/intrevo.ro\/politica-de-confidentialitate\/#breadcrumb","itemListElement":[{"@type":"ListItem","position":1,"name":"Home","item":"https:\/\/intrevo.ro\/"},{"@type":"ListItem","position":2,"name":"Politica de Confiden\u021bialitate"}]},{"@type":"WebSite","@id":"https:\/\/intrevo.ro\/#website","url":"https:\/\/intrevo.ro\/","name":"Intrevo","description":"Keep it simple and deliver!","publisher":{"@id":"https:\/\/intrevo.ro\/#organization"},"potentialAction":[{"@type":"SearchAction","target":{"@type":"EntryPoint","urlTemplate":"https:\/\/intrevo.ro\/?s={search_term_string}"},"query-input":"required name=search_term_string"}],"inLanguage":"en-US"},{"@type":"Organization","@id":"https:\/\/intrevo.ro\/#organization","name":"Intrevo","url":"https:\/\/intrevo.ro\/","logo":{"@type":"ImageObject","inLanguage":"en-US","@id":"https:\/\/intrevo.ro\/#\/schema\/logo\/image\/","url":"https:\/\/intrevo.ro\/wp-content\/uploads\/2022\/02\/intrevo-final-fundal-trasnparent.png","contentUrl":"https:\/\/intrevo.ro\/wp-content\/uploads\/2022\/02\/intrevo-final-fundal-trasnparent.png","width":6123,"height":1303,"caption":"Intrevo"},"image":{"@id":"https:\/\/intrevo.ro\/#\/schema\/logo\/image\/"}}]}},"_links":{"self":[{"href":"https:\/\/intrevo.ro\/en\/wp-json\/wp\/v2\/pages\/765","targetHints":{"allow":["GET"]}}],"collection":[{"href":"https:\/\/intrevo.ro\/en\/wp-json\/wp\/v2\/pages"}],"about":[{"href":"https:\/\/intrevo.ro\/en\/wp-json\/wp\/v2\/types\/page"}],"author":[{"embeddable":true,"href":"https:\/\/intrevo.ro\/en\/wp-json\/wp\/v2\/users\/1"}],"replies":[{"embeddable":true,"href":"https:\/\/intrevo.ro\/en\/wp-json\/wp\/v2\/comments?post=765"}],"version-history":[{"count":4,"href":"https:\/\/intrevo.ro\/en\/wp-json\/wp\/v2\/pages\/765\/revisions"}],"predecessor-version":[{"id":769,"href":"https:\/\/intrevo.ro\/en\/wp-json\/wp\/v2\/pages\/765\/revisions\/769"}],"wp:attachment":[{"href":"https:\/\/intrevo.ro\/en\/wp-json\/wp\/v2\/media?parent=765"}],"curies":[{"name":"wp","href":"https:\/\/api.w.org\/{rel}","templated":true}]}}