{"id":92,"date":"2020-09-28T09:26:01","date_gmt":"2020-09-28T09:26:01","guid":{"rendered":"https:\/\/intrevo.creare-siteweb.ro\/about-us\/"},"modified":"2023-05-29T15:19:30","modified_gmt":"2023-05-29T15:19:30","slug":"despre-noi","status":"publish","type":"page","link":"https:\/\/intrevo.ro\/en\/despre-noi\/","title":{"rendered":"About us"},"content":{"rendered":"<div data-elementor-type=\"wp-page\" data-elementor-id=\"92\" class=\"elementor elementor-92\" data-elementor-post-type=\"page\">\n\t\t\t\t\t\t\t\t\t<section class=\"elementor-section elementor-top-section elementor-element elementor-element-7403665 elementor-section-height-min-height elementor-section-boxed elementor-section-height-default elementor-section-items-middle\" data-id=\"7403665\" data-element_type=\"section\" data-settings=\"{&quot;background_background&quot;:&quot;classic&quot;}\">\n\t\t\t\t\t\t<div class=\"elementor-container elementor-column-gap-default\">\n\t\t\t\t\t<div class=\"elementor-column elementor-col-100 elementor-top-column elementor-element elementor-element-9efd785\" data-id=\"9efd785\" data-element_type=\"column\">\n\t\t\t<div class=\"elementor-widget-wrap\">\n\t\t\t\t\t\t\t\t\t<\/div>\n\t\t<\/div>\n\t\t\t\t\t\t\t<\/div>\n\t\t<\/section>\n\t\t\t\t<section class=\"elementor-section elementor-top-section elementor-element elementor-element-80ec4f1 elementor-section-boxed elementor-section-height-default elementor-section-height-default\" data-id=\"80ec4f1\" data-element_type=\"section\">\n\t\t\t\t\t\t<div class=\"elementor-container elementor-column-gap-default\">\n\t\t\t\t\t<div class=\"elementor-column elementor-col-50 elementor-top-column elementor-element elementor-element-66e6a92\" data-id=\"66e6a92\" data-element_type=\"column\">\n\t\t\t<div class=\"elementor-widget-wrap elementor-element-populated\">\n\t\t\t\t\t\t\t\t<div class=\"elementor-element elementor-element-db47cad elementor-widget elementor-widget-heading\" data-id=\"db47cad\" data-element_type=\"widget\" data-widget_type=\"heading.default\">\n\t\t\t\t<div class=\"elementor-widget-container\">\n\t\t\t<h2 class=\"elementor-heading-title elementor-size-default\">About us<\/h2>\t\t<\/div>\n\t\t\t\t<\/div>\n\t\t\t\t<div class=\"elementor-element elementor-element-371df98 elementor-widget elementor-widget-heading\" data-id=\"371df98\" data-element_type=\"widget\" data-widget_type=\"heading.default\">\n\t\t\t\t<div class=\"elementor-widget-container\">\n\t\t\t<h1 class=\"elementor-heading-title elementor-size-default\">International development assistance<\/h1>\t\t<\/div>\n\t\t\t\t<\/div>\n\t\t\t\t<div class=\"elementor-element elementor-element-f12fdca elementor-widget elementor-widget-text-editor\" data-id=\"f12fdca\" data-element_type=\"widget\" data-widget_type=\"text-editor.default\">\n\t\t\t\t<div class=\"elementor-widget-container\">\n\t\t\t\t\t\t\t<p><span style=\"font-weight: 400;\">INTREVO Development recommends International Expansion as a Business Growth Strategy to its clients, offering consultancy services on projects in the field of International Development Assistance.<\/span><\/p><p><a href=\"https:\/\/intrevo.ro\/en\/asistenta-internationala-in-dezvoltare\/\" target=\"_blank\" rel=\"noopener\"><b>What is International Development Assistance?<\/b><\/a><\/p><p><span style=\"font-weight: 400;\">Our main goal but also challenge is to convince, prepare and support Romanian companies, many of them already competitive and productive in their field, to enter the market of International Development Assistance or to expand an existing portfolio of such projects, on new geographies or by working with new organisations.<\/span><\/p>\t\t\t\t\t\t<\/div>\n\t\t\t\t<\/div>\n\t\t\t\t\t<\/div>\n\t\t<\/div>\n\t\t\t\t<div class=\"elementor-column elementor-col-50 elementor-top-column elementor-element elementor-element-87c345e\" data-id=\"87c345e\" data-element_type=\"column\">\n\t\t\t<div class=\"elementor-widget-wrap elementor-element-populated\">\n\t\t\t\t\t\t\t\t<div class=\"elementor-element elementor-element-ce4bd15 elementor-widget elementor-widget-image\" data-id=\"ce4bd15\" data-element_type=\"widget\" data-widget_type=\"image.default\">\n\t\t\t\t<div class=\"elementor-widget-container\">\n\t\t\t\t\t\t\t\t\t\t\t\t\t\t\t<img loading=\"lazy\" decoding=\"async\" width=\"1024\" height=\"683\" src=\"https:\/\/intrevo.ro\/wp-content\/uploads\/2022\/03\/shutterstock_625122062-1024x683.jpg\" class=\"attachment-large size-large wp-image-561\" alt=\"asistenta internationala\" srcset=\"https:\/\/intrevo.ro\/wp-content\/uploads\/2022\/03\/shutterstock_625122062-1024x683.jpg 1024w, https:\/\/intrevo.ro\/wp-content\/uploads\/2022\/03\/shutterstock_625122062-300x200.jpg 300w, https:\/\/intrevo.ro\/wp-content\/uploads\/2022\/03\/shutterstock_625122062-768x512.jpg 768w, https:\/\/intrevo.ro\/wp-content\/uploads\/2022\/03\/shutterstock_625122062-1536x1025.jpg 1536w, https:\/\/intrevo.ro\/wp-content\/uploads\/2022\/03\/shutterstock_625122062-2048x1366.jpg 2048w\" sizes=\"auto, (max-width: 1024px) 100vw, 1024px\" \/>\t\t\t\t\t\t\t\t\t\t\t\t\t\t\t<\/div>\n\t\t\t\t<\/div>\n\t\t\t\t\t<\/div>\n\t\t<\/div>\n\t\t\t\t\t\t\t<\/div>\n\t\t<\/section>\n\t\t\t\t<section class=\"elementor-section elementor-top-section elementor-element elementor-element-3a324d9 elementor-section-boxed elementor-section-height-default elementor-section-height-default\" data-id=\"3a324d9\" data-element_type=\"section\">\n\t\t\t\t\t\t<div class=\"elementor-container elementor-column-gap-default\">\n\t\t\t\t\t<div class=\"elementor-column elementor-col-100 elementor-top-column elementor-element elementor-element-a10c3b4\" data-id=\"a10c3b4\" data-element_type=\"column\">\n\t\t\t<div class=\"elementor-widget-wrap elementor-element-populated\">\n\t\t\t\t\t\t\t\t<div class=\"elementor-element elementor-element-ed72ece elementor-widget elementor-widget-text-editor\" data-id=\"ed72ece\" data-element_type=\"widget\" data-widget_type=\"text-editor.default\">\n\t\t\t\t<div class=\"elementor-widget-container\">\n\t\t\t\t\t\t\t<p><a href=\"https:\/\/www.linkedin.com\/pulse\/5-reasons-romanian-companies-start-increase-doing-business-aldea\/\" target=\"_blank\" rel=\"noopener\"><b>Why would a company enter the International Development Assistance market?<\/b><\/a><\/p>\t\t\t\t\t\t<\/div>\n\t\t\t\t<\/div>\n\t\t\t\t\t<\/div>\n\t\t<\/div>\n\t\t\t\t\t\t\t<\/div>\n\t\t<\/section>\n\t\t\t\t\t\t\t<\/div>","protected":false},"excerpt":{"rendered":"<p>Despre noi Asisten\u021b\u0103 interna\u021bional\u0103 \u00een dezvoltare INTREVO Development recomand\u0103 clien\u021bilor s\u0103i Expansiunea interna\u021bional\u0103 ca Strategie de cre\u0219tere a afacerii, oferind servicii de consultan\u021b\u0103 pe proiecte din domeniul Asisten\u021bei interna\u021bionale \u00een dezvoltare. Ce este Asisten\u021ba interna\u021bional\u0103 \u00een dezvoltare? Principalul nostru scop \u0219i totodat\u0103 provocare este s\u0103 convingem, s\u0103 preg\u0103tim \u0219i s\u0103 sprijinim companiile rom\u00e2ne\u0219ti, multe din &hellip;<\/p>\n<p class=\"read-more\"> <a class=\"\" href=\"https:\/\/intrevo.ro\/en\/despre-noi\/\"> <span class=\"screen-reader-text\">About us<\/span> Read More &raquo;<\/a><\/p>","protected":false},"author":1,"featured_media":0,"parent":0,"menu_order":0,"comment_status":"closed","ping_status":"closed","template":"","meta":{"site-sidebar-layout":"no-sidebar","site-content-layout":"page-builder","ast-global-header-display":"","ast-banner-title-visibility":"","ast-main-header-display":"","ast-hfb-above-header-display":"","ast-hfb-below-header-display":"","ast-hfb-mobile-header-display":"","site-post-title":"disabled","ast-breadcrumbs-content":"","ast-featured-img":"disabled","footer-sml-layout":"","theme-transparent-header-meta":"enabled","adv-header-id-meta":"","stick-header-meta":"","header-above-stick-meta":"","header-main-stick-meta":"","header-below-stick-meta":"","footnotes":""},"class_list":["post-92","page","type-page","status-publish","hentry"],"yoast_head":"<!-- This site is optimized with the Yoast SEO plugin v20.12 - https:\/\/yoast.com\/wordpress\/plugins\/seo\/ -->\n<title>Afla mai multe despre asistenta internationala in dezvoltare<\/title>\n<meta name=\"description\" content=\"INTREVO Development recomand\u0103 clien\u021bilor s\u0103i Expansiunea interna\u021bional\u0103 ca Strategie de cre\u0219tere a afacerii, oferind servicii de consultan\u021b\u0103.\" \/>\n<meta name=\"robots\" content=\"index, follow, max-snippet:-1, max-image-preview:large, max-video-preview:-1\" \/>\n<link rel=\"canonical\" href=\"https:\/\/intrevo.ro\/en\/despre-noi\/\" \/>\n<meta property=\"og:locale\" content=\"en_US\" \/>\n<meta property=\"og:type\" content=\"article\" \/>\n<meta property=\"og:title\" content=\"Afla mai multe despre asistenta internationala in dezvoltare\" \/>\n<meta property=\"og:description\" content=\"INTREVO Development recomand\u0103 clien\u021bilor s\u0103i Expansiunea interna\u021bional\u0103 ca Strategie de cre\u0219tere a afacerii, oferind servicii de consultan\u021b\u0103.\" \/>\n<meta property=\"og:url\" content=\"https:\/\/intrevo.ro\/en\/despre-noi\/\" \/>\n<meta property=\"og:site_name\" content=\"Intrevo\" \/>\n<meta property=\"article:modified_time\" content=\"2023-05-29T15:19:30+00:00\" \/>\n<meta property=\"og:image\" content=\"https:\/\/intrevo.ro\/wp-content\/uploads\/2022\/03\/shutterstock_625122062-1024x683.jpg\" \/>\n<meta name=\"twitter:card\" content=\"summary_large_image\" \/>\n<meta name=\"twitter:label1\" content=\"Est. reading time\" \/>\n\t<meta name=\"twitter:data1\" content=\"1 minute\" \/>\n<script type=\"application\/ld+json\" class=\"yoast-schema-graph\">{\"@context\":\"https:\/\/schema.org\",\"@graph\":[{\"@type\":\"WebPage\",\"@id\":\"https:\/\/intrevo.ro\/despre-noi\/\",\"url\":\"https:\/\/intrevo.ro\/despre-noi\/\",\"name\":\"Afla mai multe despre asistenta internationala in dezvoltare\",\"isPartOf\":{\"@id\":\"https:\/\/intrevo.ro\/#website\"},\"datePublished\":\"2020-09-28T09:26:01+00:00\",\"dateModified\":\"2023-05-29T15:19:30+00:00\",\"description\":\"INTREVO Development recomand\u0103 clien\u021bilor s\u0103i Expansiunea interna\u021bional\u0103 ca Strategie de cre\u0219tere a afacerii, oferind servicii de consultan\u021b\u0103.\",\"breadcrumb\":{\"@id\":\"https:\/\/intrevo.ro\/despre-noi\/#breadcrumb\"},\"inLanguage\":\"en-US\",\"potentialAction\":[{\"@type\":\"ReadAction\",\"target\":[\"https:\/\/intrevo.ro\/despre-noi\/\"]}]},{\"@type\":\"BreadcrumbList\",\"@id\":\"https:\/\/intrevo.ro\/despre-noi\/#breadcrumb\",\"itemListElement\":[{\"@type\":\"ListItem\",\"position\":1,\"name\":\"Home\",\"item\":\"https:\/\/intrevo.ro\/\"},{\"@type\":\"ListItem\",\"position\":2,\"name\":\"Despre noi\"}]},{\"@type\":\"WebSite\",\"@id\":\"https:\/\/intrevo.ro\/#website\",\"url\":\"https:\/\/intrevo.ro\/\",\"name\":\"Intrevo\",\"description\":\"Keep it simple and deliver!\",\"publisher\":{\"@id\":\"https:\/\/intrevo.ro\/#organization\"},\"potentialAction\":[{\"@type\":\"SearchAction\",\"target\":{\"@type\":\"EntryPoint\",\"urlTemplate\":\"https:\/\/intrevo.ro\/?s={search_term_string}\"},\"query-input\":\"required name=search_term_string\"}],\"inLanguage\":\"en-US\"},{\"@type\":\"Organization\",\"@id\":\"https:\/\/intrevo.ro\/#organization\",\"name\":\"Intrevo\",\"url\":\"https:\/\/intrevo.ro\/\",\"logo\":{\"@type\":\"ImageObject\",\"inLanguage\":\"en-US\",\"@id\":\"https:\/\/intrevo.ro\/#\/schema\/logo\/image\/\",\"url\":\"https:\/\/intrevo.ro\/wp-content\/uploads\/2022\/02\/intrevo-final-fundal-trasnparent.png\",\"contentUrl\":\"https:\/\/intrevo.ro\/wp-content\/uploads\/2022\/02\/intrevo-final-fundal-trasnparent.png\",\"width\":6123,\"height\":1303,\"caption\":\"Intrevo\"},\"image\":{\"@id\":\"https:\/\/intrevo.ro\/#\/schema\/logo\/image\/\"}}]}<\/script>\n<!-- \/ Yoast SEO plugin. -->","yoast_head_json":{"title":"Afla mai multe despre asistenta internationala in dezvoltare","description":"INTREVO Development recomand\u0103 clien\u021bilor s\u0103i Expansiunea interna\u021bional\u0103 ca Strategie de cre\u0219tere a afacerii, oferind servicii de consultan\u021b\u0103.","robots":{"index":"index","follow":"follow","max-snippet":"max-snippet:-1","max-image-preview":"max-image-preview:large","max-video-preview":"max-video-preview:-1"},"canonical":"https:\/\/intrevo.ro\/en\/despre-noi\/","og_locale":"en_US","og_type":"article","og_title":"Afla mai multe despre asistenta internationala in dezvoltare","og_description":"INTREVO Development recomand\u0103 clien\u021bilor s\u0103i Expansiunea interna\u021bional\u0103 ca Strategie de cre\u0219tere a afacerii, oferind servicii de consultan\u021b\u0103.","og_url":"https:\/\/intrevo.ro\/en\/despre-noi\/","og_site_name":"Intrevo","article_modified_time":"2023-05-29T15:19:30+00:00","og_image":[{"url":"https:\/\/intrevo.ro\/wp-content\/uploads\/2022\/03\/shutterstock_625122062-1024x683.jpg"}],"twitter_card":"summary_large_image","twitter_misc":{"Est. reading time":"1 minute"},"schema":{"@context":"https:\/\/schema.org","@graph":[{"@type":"WebPage","@id":"https:\/\/intrevo.ro\/despre-noi\/","url":"https:\/\/intrevo.ro\/despre-noi\/","name":"Afla mai multe despre asistenta internationala in dezvoltare","isPartOf":{"@id":"https:\/\/intrevo.ro\/#website"},"datePublished":"2020-09-28T09:26:01+00:00","dateModified":"2023-05-29T15:19:30+00:00","description":"INTREVO Development recomand\u0103 clien\u021bilor s\u0103i Expansiunea interna\u021bional\u0103 ca Strategie de cre\u0219tere a afacerii, oferind servicii de consultan\u021b\u0103.","breadcrumb":{"@id":"https:\/\/intrevo.ro\/despre-noi\/#breadcrumb"},"inLanguage":"en-US","potentialAction":[{"@type":"ReadAction","target":["https:\/\/intrevo.ro\/despre-noi\/"]}]},{"@type":"BreadcrumbList","@id":"https:\/\/intrevo.ro\/despre-noi\/#breadcrumb","itemListElement":[{"@type":"ListItem","position":1,"name":"Home","item":"https:\/\/intrevo.ro\/"},{"@type":"ListItem","position":2,"name":"Despre noi"}]},{"@type":"WebSite","@id":"https:\/\/intrevo.ro\/#website","url":"https:\/\/intrevo.ro\/","name":"Intrevo","description":"Keep it simple and deliver!","publisher":{"@id":"https:\/\/intrevo.ro\/#organization"},"potentialAction":[{"@type":"SearchAction","target":{"@type":"EntryPoint","urlTemplate":"https:\/\/intrevo.ro\/?s={search_term_string}"},"query-input":"required name=search_term_string"}],"inLanguage":"en-US"},{"@type":"Organization","@id":"https:\/\/intrevo.ro\/#organization","name":"Intrevo","url":"https:\/\/intrevo.ro\/","logo":{"@type":"ImageObject","inLanguage":"en-US","@id":"https:\/\/intrevo.ro\/#\/schema\/logo\/image\/","url":"https:\/\/intrevo.ro\/wp-content\/uploads\/2022\/02\/intrevo-final-fundal-trasnparent.png","contentUrl":"https:\/\/intrevo.ro\/wp-content\/uploads\/2022\/02\/intrevo-final-fundal-trasnparent.png","width":6123,"height":1303,"caption":"Intrevo"},"image":{"@id":"https:\/\/intrevo.ro\/#\/schema\/logo\/image\/"}}]}},"_links":{"self":[{"href":"https:\/\/intrevo.ro\/en\/wp-json\/wp\/v2\/pages\/92","targetHints":{"allow":["GET"]}}],"collection":[{"href":"https:\/\/intrevo.ro\/en\/wp-json\/wp\/v2\/pages"}],"about":[{"href":"https:\/\/intrevo.ro\/en\/wp-json\/wp\/v2\/types\/page"}],"author":[{"embeddable":true,"href":"https:\/\/intrevo.ro\/en\/wp-json\/wp\/v2\/users\/1"}],"replies":[{"embeddable":true,"href":"https:\/\/intrevo.ro\/en\/wp-json\/wp\/v2\/comments?post=92"}],"version-history":[{"count":52,"href":"https:\/\/intrevo.ro\/en\/wp-json\/wp\/v2\/pages\/92\/revisions"}],"predecessor-version":[{"id":868,"href":"https:\/\/intrevo.ro\/en\/wp-json\/wp\/v2\/pages\/92\/revisions\/868"}],"wp:attachment":[{"href":"https:\/\/intrevo.ro\/en\/wp-json\/wp\/v2\/media?parent=92"}],"curies":[{"name":"wp","href":"https:\/\/api.w.org\/{rel}","templated":true}]}}